{"id":1135,"date":"2016-05-30T05:30:18","date_gmt":"2016-05-30T05:30:18","guid":{"rendered":"https:\/\/syrosapanemia.eu\/?page_id=1135&#038;lang=de"},"modified":"2016-06-04T08:21:41","modified_gmt":"2016-06-04T08:21:41","slug":"home","status":"publish","type":"page","link":"https:\/\/syrosapanemia.eu\/?page_id=1135&lang=de","title":{"rendered":"STARTSEITE"},"content":{"rendered":"<p>[vc_row full_width=&#8221;stretch_row_content_no_spaces&#8221; css=&#8221;.vc_custom_1464592949035{margin-top: 0px !important;border-top-width: 0px !important;padding-top: -60px !important;}&#8221;][vc_column css=&#8221;.vc_custom_1464592792624{margin-top: 0px !important;border-top-width: 0px !important;padding-top: 0px !important;}&#8221;][layerslider_vc id=&#8221;1&#8243;][\/vc_column][\/vc_row][vc_row][vc_column][vc_text_separator title=&#8221;WILLKOMMEN IN SYROS APANEMIA&#8221; el_class=&#8221;.h4header_first&#8221;][vc_column_text el_class=&#8221;.homeText&#8221;]<\/p>\n<div style=\"text-align: center;\">Apanemia Zimmer sind Unterk\u00fcnfte im Syros &#8216; landschaftlich, traditionellen Dorf Kini , wo sensationelle Sonnenunterg\u00e4nge f\u00fcr Aufmerksamkeit wetteifern mit der Blauen Flagge ausgezeichneten Wasser des Strandes.<\/div>\n<div dir=\"ltr\" style=\"text-align: center;\">Mit unserer Philosophie ist, dass nichts f\u00fcr unsere G\u00e4ste zu gut ist , haben wir alle Anstrengungen unternehmen, unsere neu renovierten Zimmer entsprechend ernannt zu haben : ihre Einrichtung und Funktionsmerkmale wurden bis ins Detail entworfen nach unten . Sie sind in einem \u00fcppigen , gr\u00fcnen Garten eingebettet und sind bereit, alles zu Hause zu sein , von Paaren, zu den Familien . Wir halten sie penibel sauber und haben sie mit einem K\u00fcchenbereich , K\u00fchlschrank, Bad , A \/ C , TV und WLAN ausgestattet . Jedes Zimmer verf\u00fcgt \u00fcber einen eigenen gro\u00dfen Balkon direkt am Strand .<\/div>\n<p>[\/vc_column_text][vc_text_separator title=&#8221;ZIMMERAUSSTATTUNG&#8221; el_class=&#8221;.h4header_first&#8221;][vc_row_inner][vc_column_inner width=&#8221;1\/2&#8243;][vc_message style=&#8221;square&#8221; message_box_color=&#8221;white&#8221; icon_fontawesome=&#8221;fa fa-leaf&#8221; el_class=&#8221;.facilities&#8221;]Klimaanlage[\/vc_message][vc_message style=&#8221;square&#8221; message_box_color=&#8221;white&#8221; icon_fontawesome=&#8221;fa fa-clock-o&#8221; el_class=&#8221;.facilities&#8221;]24 -Stunden-Rezeption[\/vc_message][vc_message style=&#8221;square&#8221; message_box_color=&#8221;white&#8221; icon_fontawesome=&#8221;fa fa-car&#8221; el_class=&#8221;.facilities&#8221;]Gratis Parkpl\u00e4tze[\/vc_message][vc_message style=&#8221;square&#8221; message_box_color=&#8221;white&#8221; icon_fontawesome=&#8221;fa fa-cube&#8221; el_class=&#8221;.facilities&#8221;]Safe[\/vc_message][vc_message style=&#8221;square&#8221; message_box_color=&#8221;white&#8221; icon_fontawesome=&#8221;fa fa-television&#8221; el_class=&#8221;.facilities&#8221;]Satelliten-TV[\/vc_message][vc_message style=&#8221;square&#8221; message_box_color=&#8221;white&#8221; icon_fontawesome=&#8221;fa fa-info&#8221; el_class=&#8221;.facilities&#8221;]rivates Badezimmer[\/vc_message][vc_message style=&#8221;square&#8221; message_box_color=&#8221;white&#8221; icon_fontawesome=&#8221;fa fa-info&#8221; el_class=&#8221;.facilities&#8221;]B.B.Q Einrichtungen[\/vc_message][\/vc_column_inner][vc_column_inner width=&#8221;1\/2&#8243;][vc_message style=&#8221;square&#8221; message_box_color=&#8221;white&#8221; icon_fontawesome=&#8221;fa fa-bus&#8221; el_class=&#8221;.facilities&#8221;]Kostenloser Transport[\/vc_message][vc_message style=&#8221;square&#8221; message_box_color=&#8221;white&#8221; icon_fontawesome=&#8221;fa fa-fire&#8221; el_class=&#8221;.facilities&#8221;]Barbeque -Grills[\/vc_message][vc_message style=&#8221;square&#8221; message_box_color=&#8221;white&#8221; icon_fontawesome=&#8221;fa fa-wifi&#8221; el_class=&#8221;.facilities&#8221;]Gratis Wifi[\/vc_message][vc_message style=&#8221;square&#8221; message_box_color=&#8221;white&#8221; icon_fontawesome=&#8221;fa fa-motorcycle&#8221; el_class=&#8221;.facilities&#8221;]Auto &#8211; Moto Vermietung[\/vc_message][vc_message style=&#8221;square&#8221; message_box_color=&#8221;white&#8221; icon_fontawesome=&#8221;fa fa-asterisk&#8221; el_class=&#8221;.facilities&#8221;]Raumheizung[\/vc_message][vc_message style=&#8221;square&#8221; message_box_color=&#8221;white&#8221; icon_fontawesome=&#8221;fa fa-info&#8221; el_class=&#8221;.facilities&#8221;]Englisch sprechenden Sachen[\/vc_message][vc_message style=&#8221;square&#8221; message_box_color=&#8221;white&#8221; icon_fontawesome=&#8221;fa fa-info&#8221; el_class=&#8221;.facilities&#8221;]Privat Balkon[\/vc_message][\/vc_column_inner][\/vc_row_inner][\/vc_column][\/vc_row][vc_row][vc_column][vc_text_separator title=&#8221;SYROS ISLAND&#8221; el_class=&#8221;.h4header_first&#8221;][vc_media_grid element_width=&#8221;3&#8243; gap=&#8221;1&#8243; grid_id=&#8221;vc_gid:1465028188337-200b5268-8493-5&#8243; include=&#8221;67,70,73,76&#8243;][\/vc_column][\/vc_row][vc_row full_width=&#8221;stretch_row_content_no_spaces&#8221; css=&#8221;.vc_custom_1464592949035{margin-top: 0px !important;border-top-width: 0px !important;padding-top: -60px !important;}&#8221;][vc_column css=&#8221;.vc_custom_1464592792624{margin-top: 0px !important;border-top-width: 0px !important;padding-top: 0px !important;}&#8221;][vc_text_separator title=&#8221; LANDKARTE&#8221; el_class=&#8221;.h4header_first&#8221;][vc_gmaps link=&#8221;#E-8_JTNDaWZyYW1lJTIwc3JjJTNEJTIyaHR0cHMlM0ElMkYlMkZ3d3cuZ29vZ2xlLmNvbSUyRm1hcHMlMkZlbWJlZCUzRnBiJTNEJTIxMW0xOCUyMTFtMTIlMjExbTMlMjExZDMxNjcuNjQ0MjExMzQ4NzA2JTIxMmQyNC44OTc5OTYyNTExMjMxNTMlMjEzZDM3LjQ0NTUwODkzODcwODI4JTIxMm0zJTIxMWYwJTIxMmYwJTIxM2YwJTIxM20yJTIxMWkxMDI0JTIxMmk3NjglMjE0ZjEzLjElMjEzbTMlMjExbTIlMjExczB4MTRhMjYyOWNlOTQ0Y2Y5ZiUyNTNBMHhkMmYzYTFmNzQ2MDYzZjkzJTIxMnpRWEJoYm1WdGFXRWd6cDdPdGM2OXpyX090TTZfejRmT3RjNnZ6cjglMjE1ZTAlMjEzbTIlMjExc2VsJTIxMnNnciUyMTR2MTQ2NDU5NTExMTQ5NyUyMiUyMHdpZHRoJTNEJTIyNjAwJTIyJTIwaGVpZ2h0JTNEJTIyNDUwJTIyJTIwZnJhbWVib3JkZXIlM0QlMjIwJTIyJTIwc3R5bGUlM0QlMjJib3JkZXIlM0EwJTIyJTIwYWxsb3dmdWxsc2NyZWVuJTNFJTNDJTJGaWZyYW1lJTNF&#8221;][\/vc_column][\/vc_row]<\/p>\n","protected":false},"excerpt":{"rendered":"<p>[vc_row full_width=&#8221;stretch_row_content_no_spaces&#8221; css=&#8221;.vc_custom_1464592949035{margin-top: 0px !important;border-top-width: 0px !important;padding-top: -60px !important;}&#8221;][vc_column css=&#8221;.vc_custom_1464592792624{margin-top: 0px !important;border-top-width: 0px !important;padding-top: 0px !important;}&#8221;][layerslider_vc id=&#8221;1&#8243;][\/vc_column][\/vc_row][vc_row][vc_column][vc_text_separator title=&#8221;WILLKOMMEN IN SYROS APANEMIA&#8221; el_class=&#8221;.h4header_first&#8221;][vc_column_text el_class=&#8221;.homeText&#8221;] Apanemia Zimmer sind Unterk\u00fcnfte im Syros &#8216; landschaftlich, traditionellen Dorf Kini , wo sensationelle Sonnenunterg\u00e4nge f\u00fcr Aufmerksamkeit wetteifern mit der Blauen Flagge ausgezeichneten Wasser des Strandes. Mit unserer Philosophie ist, dass nichts<\/p>\n","protected":false},"author":2,"featured_media":0,"parent":0,"menu_order":0,"comment_status":"closed","ping_status":"closed","template":"","meta":[],"_links":{"self":[{"href":"https:\/\/syrosapanemia.eu\/index.php?rest_route=\/wp\/v2\/pages\/1135"}],"collection":[{"href":"https:\/\/syrosapanemia.eu\/index.php?rest_route=\/wp\/v2\/pages"}],"about":[{"href":"https:\/\/syrosapanemia.eu\/index.php?rest_route=\/wp\/v2\/types\/page"}],"author":[{"embeddable":true,"href":"https:\/\/syrosapanemia.eu\/index.php?rest_route=\/wp\/v2\/users\/2"}],"replies":[{"embeddable":true,"href":"https:\/\/syrosapanemia.eu\/index.php?rest_route=%2Fwp%2Fv2%2Fcomments&post=1135"}],"version-history":[{"count":2,"href":"https:\/\/syrosapanemia.eu\/index.php?rest_route=\/wp\/v2\/pages\/1135\/revisions"}],"predecessor-version":[{"id":1190,"href":"https:\/\/syrosapanemia.eu\/index.php?rest_route=\/wp\/v2\/pages\/1135\/revisions\/1190"}],"wp:attachment":[{"href":"https:\/\/syrosapanemia.eu\/index.php?rest_route=%2Fwp%2Fv2%2Fmedia&parent=1135"}],"curies":[{"name":"wp","href":"https:\/\/api.w.org\/{rel}","templated":true}]}}